{"id":43,"date":"2019-05-10T08:34:37","date_gmt":"2019-05-10T06:34:37","guid":{"rendered":"http:\/\/hct.fi.ibimet.cnr.it\/?page_id=43"},"modified":"2019-05-21T11:38:40","modified_gmt":"2019-05-21T09:38:40","slug":"attivita","status":"publish","type":"page","link":"https:\/\/hct.ibe.cnr.it\/index.php\/attivita\/","title":{"rendered":"Attivit\u00e0"},"content":{"rendered":"\t\t<div data-elementor-type=\"wp-post\" data-elementor-id=\"43\" class=\"elementor elementor-43\">\n\t\t\t\t\t\t<div class=\"elementor-inner\">\n\t\t\t\t<div class=\"elementor-section-wrap\">\n\t\t\t\t\t\t\t\t\t<section class=\"elementor-section elementor-top-section elementor-element elementor-element-267e601e elementor-section-boxed elementor-section-height-default elementor-section-height-default\" data-id=\"267e601e\" data-element_type=\"section\">\n\t\t\t\t\t\t<div class=\"elementor-container elementor-column-gap-default\">\n\t\t\t\t\t\t\t<div class=\"elementor-row\">\n\t\t\t\t\t<div class=\"elementor-column elementor-col-100 elementor-top-column elementor-element elementor-element-e05550c\" data-id=\"e05550c\" data-element_type=\"column\">\n\t\t\t<div class=\"elementor-column-wrap elementor-element-populated\">\n\t\t\t\t\t\t\t<div class=\"elementor-widget-wrap\">\n\t\t\t\t\t\t<div class=\"elementor-element elementor-element-1cec0969 elementor-widget elementor-widget-text-editor\" data-id=\"1cec0969\" data-element_type=\"widget\" data-widget_type=\"text-editor.default\">\n\t\t\t\t<div class=\"elementor-widget-container\">\n\t\t\t\t\t\t\t\t<div class=\"elementor-text-editor elementor-clearfix\">\n\t\t\t\t<!-- wp:paragraph -->\n<p>Le attivit\u00e0 del Laboratorio hanno preso le mosse dalla sperimentazione di tecniche HC per il riscaldamento dell\u2019acqua in modo pi\u00f9 efficiente e per la pastorizzazione di liquidi alimentari a temperature pi\u00f9 basse rispetto ai trattamenti convenzionali.<br \/>Da l\u00ec il passo \u00e8 stato breve verso lo sviluppo di una <a href=\"http:\/\/hct.fi.ibimet.cnr.it\/index.php\/cavibeer\/\">nuova tecnologia di birrificazione<\/a> basata sulla cavitazione idrodinamica controllata, che ha portato nel 2016 ad un brevetto.<\/p>\n<!-- \/wp:paragraph --><!-- wp:paragraph -->\n<p>Le attivit\u00e0 di HCT-agrifood Lab sono orientate a svolgere un ruolo di supporto e accelerazione per l\u2019implementazione della strategia europea ed italiana sulla Bioeconomia.<\/p>\n<!-- \/wp:paragraph --><!-- wp:image {\"id\":77} -->\n<figure class=\"wp-block-image\"><\/figure>\n<!-- \/wp:image -->\t\t\t\t\t<\/div>\n\t\t\t\t\t\t<\/div>\n\t\t\t\t<\/div>\n\t\t\t\t\t\t<\/div>\n\t\t\t\t\t<\/div>\n\t\t<\/div>\n\t\t\t\t\t\t\t\t<\/div>\n\t\t\t\t\t<\/div>\n\t\t<\/section>\n\t\t\t\t<section class=\"elementor-section elementor-top-section elementor-element elementor-element-3c1f432 elementor-section-boxed elementor-section-height-default elementor-section-height-default\" data-id=\"3c1f432\" data-element_type=\"section\">\n\t\t\t\t\t\t<div class=\"elementor-container elementor-column-gap-default\">\n\t\t\t\t\t\t\t<div class=\"elementor-row\">\n\t\t\t\t\t<div class=\"elementor-column elementor-col-100 elementor-top-column elementor-element elementor-element-f237518\" data-id=\"f237518\" data-element_type=\"column\">\n\t\t\t<div class=\"elementor-column-wrap elementor-element-populated\">\n\t\t\t\t\t\t\t<div class=\"elementor-widget-wrap\">\n\t\t\t\t\t\t<div class=\"elementor-element elementor-element-a93c843 elementor-widget elementor-widget-image\" data-id=\"a93c843\" data-element_type=\"widget\" data-widget_type=\"image.default\">\n\t\t\t\t<div class=\"elementor-widget-container\">\n\t\t\t\t\t\t\t\t<div class=\"elementor-image\">\n\t\t\t\t\t\t\t\t\t\t\t\t\t<a href=\"http:\/\/hct.fi.ibimet.cnr.it\/wp-content\/uploads\/2019\/05\/SchemaBIOHC-1.png\" data-elementor-open-lightbox=\"yes\" data-elementor-lightbox-title=\"SchemaBIOHC\" data-e-action-hash=\"#elementor-action%3Aaction%3Dlightbox%26settings%3DeyJpZCI6NTI0LCJ1cmwiOiJodHRwczpcL1wvaGN0LmliZS5jbnIuaXRcL3dwLWNvbnRlbnRcL3VwbG9hZHNcLzIwMTlcLzA1XC9TY2hlbWFCSU9IQy0xLnBuZyJ9\">\n\t\t\t\t\t\t\t<img decoding=\"async\" width=\"640\" height=\"371\" src=\"https:\/\/hct.ibe.cnr.it\/wp-content\/uploads\/2019\/05\/SchemaBIOHC-1-1024x593.png\" class=\"attachment-large size-large wp-image-524\" alt=\"\" loading=\"lazy\" srcset=\"https:\/\/hct.ibe.cnr.it\/wp-content\/uploads\/2019\/05\/SchemaBIOHC-1-1024x593.png 1024w, https:\/\/hct.ibe.cnr.it\/wp-content\/uploads\/2019\/05\/SchemaBIOHC-1-300x174.png 300w, https:\/\/hct.ibe.cnr.it\/wp-content\/uploads\/2019\/05\/SchemaBIOHC-1-768x445.png 768w, https:\/\/hct.ibe.cnr.it\/wp-content\/uploads\/2019\/05\/SchemaBIOHC-1.png 1916w\" sizes=\"(max-width: 640px) 100vw, 640px\" \/>\t\t\t\t\t\t\t\t<\/a>\n\t\t\t\t\t\t\t\t\t\t\t\t\t\t<\/div>\n\t\t\t\t\t\t<\/div>\n\t\t\t\t<\/div>\n\t\t\t\t\t\t<\/div>\n\t\t\t\t\t<\/div>\n\t\t<\/div>\n\t\t\t\t\t\t\t\t<\/div>\n\t\t\t\t\t<\/div>\n\t\t<\/section>\n\t\t\t\t\t\t\t\t\t<\/div>\n\t\t\t<\/div>\n\t\t\t\t\t<\/div>\n\t\t","protected":false},"excerpt":{"rendered":"<p>Le attivit\u00e0 del Laboratorio hanno preso le mosse dalla sperimentazione di tecniche HC per il riscaldamento dell\u2019acqua in modo pi\u00f9 efficiente e per la pastorizzazione di liquidi alimentari a temperature pi\u00f9 basse rispetto ai trattamenti convenzionali.Da l\u00ec il passo \u00e8 stato breve verso lo sviluppo di una nuova tecnologia di birrificazione basata sulla cavitazione idrodinamica [&hellip;]<\/p>\n","protected":false},"author":1,"featured_media":0,"parent":0,"menu_order":0,"comment_status":"closed","ping_status":"closed","template":"","meta":[],"_links":{"self":[{"href":"https:\/\/hct.ibe.cnr.it\/index.php\/wp-json\/wp\/v2\/pages\/43"}],"collection":[{"href":"https:\/\/hct.ibe.cnr.it\/index.php\/wp-json\/wp\/v2\/pages"}],"about":[{"href":"https:\/\/hct.ibe.cnr.it\/index.php\/wp-json\/wp\/v2\/types\/page"}],"author":[{"embeddable":true,"href":"https:\/\/hct.ibe.cnr.it\/index.php\/wp-json\/wp\/v2\/users\/1"}],"replies":[{"embeddable":true,"href":"https:\/\/hct.ibe.cnr.it\/index.php\/wp-json\/wp\/v2\/comments?post=43"}],"version-history":[{"count":17,"href":"https:\/\/hct.ibe.cnr.it\/index.php\/wp-json\/wp\/v2\/pages\/43\/revisions"}],"predecessor-version":[{"id":525,"href":"https:\/\/hct.ibe.cnr.it\/index.php\/wp-json\/wp\/v2\/pages\/43\/revisions\/525"}],"wp:attachment":[{"href":"https:\/\/hct.ibe.cnr.it\/index.php\/wp-json\/wp\/v2\/media?parent=43"}],"curies":[{"name":"wp","href":"https:\/\/api.w.org\/{rel}","templated":true}]}}