{"id":47,"date":"2019-05-10T08:35:16","date_gmt":"2019-05-10T06:35:16","guid":{"rendered":"http:\/\/hct.fi.ibimet.cnr.it\/?page_id=47"},"modified":"2019-05-23T11:15:18","modified_gmt":"2019-05-23T09:15:18","slug":"biochar","status":"publish","type":"page","link":"https:\/\/hct.ibe.cnr.it\/index.php\/biochar\/","title":{"rendered":"Biochar"},"content":{"rendered":"\t\t<div data-elementor-type=\"wp-post\" data-elementor-id=\"47\" class=\"elementor elementor-47\">\n\t\t\t\t\t\t<div class=\"elementor-inner\">\n\t\t\t\t<div class=\"elementor-section-wrap\">\n\t\t\t\t\t\t\t\t\t<section class=\"elementor-section elementor-top-section elementor-element elementor-element-7f9b103 elementor-section-boxed elementor-section-height-default elementor-section-height-default\" data-id=\"7f9b103\" data-element_type=\"section\">\n\t\t\t\t\t\t<div class=\"elementor-container elementor-column-gap-default\">\n\t\t\t\t\t\t\t<div class=\"elementor-row\">\n\t\t\t\t\t<div class=\"elementor-column elementor-col-100 elementor-top-column elementor-element elementor-element-3815f3d0\" data-id=\"3815f3d0\" data-element_type=\"column\">\n\t\t\t<div class=\"elementor-column-wrap elementor-element-populated\">\n\t\t\t\t\t\t\t<div class=\"elementor-widget-wrap\">\n\t\t\t\t\t\t<div class=\"elementor-element elementor-element-12346f7c elementor-widget elementor-widget-text-editor\" data-id=\"12346f7c\" data-element_type=\"widget\" data-widget_type=\"text-editor.default\">\n\t\t\t\t<div class=\"elementor-widget-container\">\n\t\t\t\t\t\t\t\t<div class=\"elementor-text-editor elementor-clearfix\">\n\t\t\t\t<p><!-- wp:paragraph --><\/p>\n<p>HCT-Agrifood Lab\u00a0ha utilizzato per la prima volta un processo di cavitazione idrodinamica controllata per il trattamento del biochar, con l\u2019obiettivo di <strong>migliorarne le caratteristiche fisico-chimiche <\/strong>in modo economico e rapido, e renderlo pi\u00f9 efficace nell\u2019uso come ammendante del terreno.<\/p>\n<p><!-- \/wp:paragraph --><!-- wp:image {\"id\":57,\"align\":\"center\",\"width\":428,\"height\":154} --><\/p>\n<div class=\"wp-block-image\">\n<figure class=\"aligncenter is-resized\"><img decoding=\"async\" loading=\"lazy\" class=\"wp-image-57\" src=\"http:\/\/hct.fi.ibimet.cnr.it\/wp-content\/uploads\/2019\/05\/biochar_graph.jpg\" alt=\"\" width=\"428\" height=\"154\" srcset=\"https:\/\/hct.ibe.cnr.it\/wp-content\/uploads\/2019\/05\/biochar_graph.jpg 600w, https:\/\/hct.ibe.cnr.it\/wp-content\/uploads\/2019\/05\/biochar_graph-300x109.jpg 300w\" sizes=\"(max-width: 428px) 100vw, 428px\" \/><\/figure>\n<\/div>\n<p><!-- \/wp:image --><!-- wp:paragraph --><\/p>\n<p>In genere, per ottenere biochar con un\u2019elevata porosit\u00e0 e area di scambio (BET), che aumenti la superficie di contatto tra biochar e suolo\/piante, \u00e8 necessario agire sul processo di thermal pyrolysis (TP), aumentando al massimo le temperature, la velocit\u00e0 di riscaldamento e il tempo di residenza.<br \/>Tutto questo ha per\u00f2 dei costi energetici e delle ricadute sulla resa (yield) e sull\u2019economicit\u00e0 complessiva del processo, e causa anche altri effetti negativi quali l\u2019aumento del pH e del contenuto di cenere.<\/p>\n<p><!-- \/wp:paragraph --><!-- wp:paragraph --><\/p>\n<p>La cavitazione idrodinamica si \u00e8 dimostrata un\u2019alternativa molto conveniente rispetto al trattamento TP ad alte temperature. Nonostante una leggera diminuzione del contenuto di carbonio, la resa del processo HC \u00e8 stata almeno un ordine di grandezza maggiore rispetto ai processi TP e la porosit\u00e0 del biochar \u00e8 aumentata fino al 120%.<\/p>\n<p><!-- \/wp:paragraph --><!-- wp:paragraph --><\/p>\n<p>I risultati dell\u2019esperimento sono stati quindi molto incoraggianti, e saranno oggetto di ulteriori approfondimenti da parte del laboratorio.<\/p>\n<p><!-- \/wp:paragraph --><\/p>\t\t\t\t\t<\/div>\n\t\t\t\t\t\t<\/div>\n\t\t\t\t<\/div>\n\t\t\t\t\t\t<\/div>\n\t\t\t\t\t<\/div>\n\t\t<\/div>\n\t\t\t\t\t\t\t\t<\/div>\n\t\t\t\t\t<\/div>\n\t\t<\/section>\n\t\t\t\t<section class=\"elementor-section elementor-top-section elementor-element elementor-element-435dcce elementor-section-boxed elementor-section-height-default elementor-section-height-default\" data-id=\"435dcce\" data-element_type=\"section\">\n\t\t\t\t\t\t<div class=\"elementor-container elementor-column-gap-default\">\n\t\t\t\t\t\t\t<div class=\"elementor-row\">\n\t\t\t\t\t<div class=\"elementor-column elementor-col-100 elementor-top-column elementor-element elementor-element-c104d56\" data-id=\"c104d56\" data-element_type=\"column\">\n\t\t\t<div class=\"elementor-column-wrap elementor-element-populated\">\n\t\t\t\t\t\t\t<div class=\"elementor-widget-wrap\">\n\t\t\t\t\t\t<div class=\"elementor-element elementor-element-87a6f19 elementor-widget elementor-widget-text-editor\" data-id=\"87a6f19\" data-element_type=\"widget\" data-widget_type=\"text-editor.default\">\n\t\t\t\t<div class=\"elementor-widget-container\">\n\t\t\t\t\t\t\t\t<div class=\"elementor-text-editor elementor-clearfix\">\n\t\t\t\t<h4>Per approfondire<\/h4>\n<p>Albanese, L., Baronti, S., Liguori, F., Meneguzzo, F., Barbaro, P., &amp; Vaccari, F. P. (2019). Hydrodynamic cavitation as an energy efficient process to increase biochar surface area and porosity: A case study. Journal of Cleaner Production, 210, 159\u2013169. <a href=\"https:\/\/doi.org\/10.1016\/J.JCLEPRO.2018.10.341\">https:\/\/doi.org\/10.1016\/J.JCLEPRO.2018.10.341<\/a><\/p>\t\t\t\t\t<\/div>\n\t\t\t\t\t\t<\/div>\n\t\t\t\t<\/div>\n\t\t\t\t\t\t<\/div>\n\t\t\t\t\t<\/div>\n\t\t<\/div>\n\t\t\t\t\t\t\t\t<\/div>\n\t\t\t\t\t<\/div>\n\t\t<\/section>\n\t\t\t\t\t\t\t\t\t<\/div>\n\t\t\t<\/div>\n\t\t\t\t\t<\/div>\n\t\t","protected":false},"excerpt":{"rendered":"<p>HCT-Agrifood Lab\u00a0ha utilizzato per la prima volta un processo di cavitazione idrodinamica controllata per il trattamento del biochar, con l\u2019obiettivo di migliorarne le caratteristiche fisico-chimiche in modo economico e rapido, e renderlo pi\u00f9 efficace nell\u2019uso come ammendante del terreno. In genere, per ottenere biochar con un\u2019elevata porosit\u00e0 e area di scambio (BET), che aumenti la [&hellip;]<\/p>\n","protected":false},"author":1,"featured_media":0,"parent":0,"menu_order":0,"comment_status":"closed","ping_status":"closed","template":"","meta":[],"_links":{"self":[{"href":"https:\/\/hct.ibe.cnr.it\/index.php\/wp-json\/wp\/v2\/pages\/47"}],"collection":[{"href":"https:\/\/hct.ibe.cnr.it\/index.php\/wp-json\/wp\/v2\/pages"}],"about":[{"href":"https:\/\/hct.ibe.cnr.it\/index.php\/wp-json\/wp\/v2\/types\/page"}],"author":[{"embeddable":true,"href":"https:\/\/hct.ibe.cnr.it\/index.php\/wp-json\/wp\/v2\/users\/1"}],"replies":[{"embeddable":true,"href":"https:\/\/hct.ibe.cnr.it\/index.php\/wp-json\/wp\/v2\/comments?post=47"}],"version-history":[{"count":10,"href":"https:\/\/hct.ibe.cnr.it\/index.php\/wp-json\/wp\/v2\/pages\/47\/revisions"}],"predecessor-version":[{"id":640,"href":"https:\/\/hct.ibe.cnr.it\/index.php\/wp-json\/wp\/v2\/pages\/47\/revisions\/640"}],"wp:attachment":[{"href":"https:\/\/hct.ibe.cnr.it\/index.php\/wp-json\/wp\/v2\/media?parent=47"}],"curies":[{"name":"wp","href":"https:\/\/api.w.org\/{rel}","templated":true}]}}